{"id":4060,"date":"2024-03-03T00:57:21","date_gmt":"2024-03-03T04:57:21","guid":{"rendered":"https:\/\/mentorportal.org\/las-legasta-silver-sage-vakfi-ile-bulusma\/"},"modified":"2024-03-17T00:58:41","modified_gmt":"2024-03-17T04:58:41","slug":"las-legasta-silver-sage-vakfi-ile-bulusma","status":"publish","type":"page","link":"https:\/\/mentorportal.org\/tr\/las-legasta-silver-sage-vakfi-ile-bulusma\/","title":{"rendered":"Las Legas&#8217;ta Silver Sage Vakf\u0131 ile Bulu\u015fma"},"content":{"rendered":"<div class=\"fusion-fullwidth fullwidth-box fusion-builder-row-1 fusion-flex-container has-pattern-background has-mask-background nonhundred-percent-fullwidth non-hundred-percent-height-scrolling\" style=\"--awb-border-radius-top-left:0px;--awb-border-radius-top-right:0px;--awb-border-radius-bottom-right:0px;--awb-border-radius-bottom-left:0px;--awb-flex-wrap:wrap;\" ><div class=\"fusion-builder-row fusion-row fusion-flex-align-items-flex-start fusion-flex-content-wrap\" style=\"max-width:1331.2px;margin-left: calc(-4% \/ 2 );margin-right: calc(-4% \/ 2 );\"><div class=\"fusion-layout-column fusion_builder_column fusion-builder-column-0 fusion_builder_column_1_1 1_1 fusion-flex-column\" style=\"--awb-bg-size:cover;--awb-width-large:100%;--awb-margin-top-large:0px;--awb-spacing-right-large:1.92%;--awb-margin-bottom-large:0px;--awb-spacing-left-large:1.92%;--awb-width-medium:100%;--awb-order-medium:0;--awb-spacing-right-medium:1.92%;--awb-spacing-left-medium:1.92%;--awb-width-small:100%;--awb-order-small:0;--awb-spacing-right-small:1.92%;--awb-spacing-left-small:1.92%;\"><div class=\"fusion-column-wrapper fusion-column-has-shadow fusion-flex-justify-content-flex-start fusion-content-layout-column\"><div class=\"fusion-text fusion-text-1\"><p>Las Vegas&#8217;taki Mentorlar ve Silver Sage Vakf\u0131, 3 Mart&#8217;ta UNLV&#8217;deki M\u00fcsl\u00fcman lisans ve y\u00fcksek lisans \u00f6\u011frencilerini a\u011f\u0131rlad\u0131klar\u0131 bir kahvalt\u0131 d\u00fczenledi. Toplant\u0131da M\u00fcsl\u00fcman gen\u00e7ler, M\u00fcsl\u00fcman \u00d6\u011frenci Derne\u011fi (MSA) ve kamu sa\u011fl\u0131\u011f\u0131 gibi \u00e7e\u015fitli konularda bilgi al\u0131\u015fveri\u015finde bulunuldu. Yak\u0131nda ger\u00e7ekle\u015fecek etkinli\u011fimizi bekliyoruz!<\/p>\n<\/div><div class=\"awb-gallery-wrapper awb-gallery-wrapper-1 button-span-no\" style=\"--more-btn-alignment:center;\"><div style=\"margin:-5px;--awb-bordersize:0px;\" class=\"fusion-gallery fusion-gallery-container fusion-grid-3 fusion-columns-total-2 fusion-gallery-layout-grid fusion-gallery-1\"><div style=\"padding:5px;\" class=\"fusion-grid-column fusion-gallery-column fusion-gallery-column-3 hover-type-none\"><div class=\"fusion-gallery-image\"><a href=\"https:\/\/mentorportal.org\/wp-content\/uploads\/2024\/03\/PHOTO-2024-03-03-14-30-39-1.jpg\" rel=\"noreferrer\" data-rel=\"iLightbox[gallery_image_1]\" class=\"fusion-lightbox\" target=\"_self\"><img decoding=\"async\" src=\"https:\/\/mentorportal.org\/wp-content\/uploads\/2024\/03\/PHOTO-2024-03-03-14-30-39-1.jpg\" data-orig-src=\"https:\/\/mentorportal.org\/wp-content\/uploads\/2024\/03\/PHOTO-2024-03-03-14-30-39-1.jpg\" width=\"1600\" height=\"1200\" alt=\"\" title=\"PHOTO-2024-03-03-14-30-39\" aria-label=\"PHOTO-2024-03-03-14-30-39\" class=\"lazyload img-responsive wp-image-4042\" srcset=\"data:image\/svg+xml,%3Csvg%20xmlns%3D%27http%3A%2F%2Fwww.w3.org%2F2000%2Fsvg%27%20width%3D%271600%27%20height%3D%271200%27%20viewBox%3D%270%200%201600%201200%27%3E%3Crect%20width%3D%271600%27%20height%3D%271200%27%20fill-opacity%3D%220%22%2F%3E%3C%2Fsvg%3E\" data-srcset=\"https:\/\/mentorportal.org\/wp-content\/uploads\/2024\/03\/PHOTO-2024-03-03-14-30-39-1-200x150.jpg 200w, https:\/\/mentorportal.org\/wp-content\/uploads\/2024\/03\/PHOTO-2024-03-03-14-30-39-1-400x300.jpg 400w, https:\/\/mentorportal.org\/wp-content\/uploads\/2024\/03\/PHOTO-2024-03-03-14-30-39-1-600x450.jpg 600w, https:\/\/mentorportal.org\/wp-content\/uploads\/2024\/03\/PHOTO-2024-03-03-14-30-39-1-800x600.jpg 800w, https:\/\/mentorportal.org\/wp-content\/uploads\/2024\/03\/PHOTO-2024-03-03-14-30-39-1-1200x900.jpg 1200w, https:\/\/mentorportal.org\/wp-content\/uploads\/2024\/03\/PHOTO-2024-03-03-14-30-39-1.jpg 1600w\" data-sizes=\"auto\" data-orig-sizes=\"(min-width: 2200px) 100vw, (min-width: 824px) 423px, (min-width: 732px) 635px, (min-width: 640px) 732px, \" \/><\/a><\/div><\/div><div style=\"padding:5px;\" class=\"fusion-grid-column fusion-gallery-column fusion-gallery-column-3 hover-type-none\"><div class=\"fusion-gallery-image\"><a href=\"https:\/\/mentorportal.org\/wp-content\/uploads\/2024\/03\/PHOTO-2024-03-03-14-30-38-1-1.jpg\" rel=\"noreferrer\" data-rel=\"iLightbox[gallery_image_1]\" class=\"fusion-lightbox\" target=\"_self\"><img decoding=\"async\" src=\"https:\/\/mentorportal.org\/wp-content\/uploads\/2024\/03\/PHOTO-2024-03-03-14-30-38-1-1.jpg\" data-orig-src=\"https:\/\/mentorportal.org\/wp-content\/uploads\/2024\/03\/PHOTO-2024-03-03-14-30-38-1-1.jpg\" width=\"1600\" height=\"1200\" alt=\"\" title=\"PHOTO-2024-03-03-14-30-38 (1)\" aria-label=\"PHOTO-2024-03-03-14-30-38 (1)\" class=\"lazyload img-responsive wp-image-4046\" srcset=\"data:image\/svg+xml,%3Csvg%20xmlns%3D%27http%3A%2F%2Fwww.w3.org%2F2000%2Fsvg%27%20width%3D%271600%27%20height%3D%271200%27%20viewBox%3D%270%200%201600%201200%27%3E%3Crect%20width%3D%271600%27%20height%3D%271200%27%20fill-opacity%3D%220%22%2F%3E%3C%2Fsvg%3E\" data-srcset=\"https:\/\/mentorportal.org\/wp-content\/uploads\/2024\/03\/PHOTO-2024-03-03-14-30-38-1-1-200x150.jpg 200w, https:\/\/mentorportal.org\/wp-content\/uploads\/2024\/03\/PHOTO-2024-03-03-14-30-38-1-1-400x300.jpg 400w, https:\/\/mentorportal.org\/wp-content\/uploads\/2024\/03\/PHOTO-2024-03-03-14-30-38-1-1-600x450.jpg 600w, https:\/\/mentorportal.org\/wp-content\/uploads\/2024\/03\/PHOTO-2024-03-03-14-30-38-1-1-800x600.jpg 800w, https:\/\/mentorportal.org\/wp-content\/uploads\/2024\/03\/PHOTO-2024-03-03-14-30-38-1-1-1200x900.jpg 1200w, https:\/\/mentorportal.org\/wp-content\/uploads\/2024\/03\/PHOTO-2024-03-03-14-30-38-1-1.jpg 1600w\" data-sizes=\"auto\" data-orig-sizes=\"(min-width: 2200px) 100vw, (min-width: 824px) 423px, (min-width: 732px) 635px, (min-width: 640px) 732px, \" \/><\/a><\/div><\/div><\/div><\/div><\/div><\/div><\/div><\/div>\n","protected":false},"excerpt":{"rendered":"","protected":false},"author":7,"featured_media":4049,"parent":0,"menu_order":0,"comment_status":"closed","ping_status":"closed","template":"","meta":{"footnotes":""},"class_list":["post-4060","page","type-page","status-publish","has-post-thumbnail","hentry"],"yoast_head":"<!-- This site is optimized with the Yoast SEO plugin v27.4 - https:\/\/yoast.com\/product\/yoast-seo-wordpress\/ -->\n<title>Las Legas&#039;ta Silver Sage Vakf\u0131 ile Bulu\u015fma - Mentor Portal<\/title>\n<meta name=\"robots\" content=\"index, follow, max-snippet:-1, max-image-preview:large, max-video-preview:-1\" \/>\n<link rel=\"canonical\" href=\"https:\/\/mentorportal.org\/tr\/las-legasta-silver-sage-vakfi-ile-bulusma\/\" \/>\n<meta property=\"og:locale\" content=\"tr_TR\" \/>\n<meta property=\"og:type\" content=\"article\" \/>\n<meta property=\"og:title\" content=\"Las Legas&#039;ta Silver Sage Vakf\u0131 ile Bulu\u015fma - Mentor Portal\" \/>\n<meta property=\"og:url\" content=\"https:\/\/mentorportal.org\/tr\/las-legasta-silver-sage-vakfi-ile-bulusma\/\" \/>\n<meta property=\"og:site_name\" content=\"Mentor Portal\" \/>\n<meta property=\"article:modified_time\" content=\"2024-03-17T04:58:41+00:00\" \/>\n<meta property=\"og:image\" content=\"https:\/\/mentorportal.org\/wp-content\/uploads\/2024\/03\/PHOTO-2024-03-03-14-30-38-2.jpg\" \/>\n\t<meta property=\"og:image:width\" content=\"1600\" \/>\n\t<meta property=\"og:image:height\" content=\"1200\" \/>\n\t<meta property=\"og:image:type\" content=\"image\/jpeg\" \/>\n<meta name=\"twitter:card\" content=\"summary_large_image\" \/>\n<meta name=\"twitter:label1\" content=\"Tahmini okuma s\u00fcresi\" \/>\n\t<meta name=\"twitter:data1\" content=\"4 dakika\" \/>\n<script type=\"application\/ld+json\" class=\"yoast-schema-graph\">{\"@context\":\"https:\\\/\\\/schema.org\",\"@graph\":[{\"@type\":\"WebPage\",\"@id\":\"https:\\\/\\\/mentorportal.org\\\/tr\\\/las-legasta-silver-sage-vakfi-ile-bulusma\\\/\",\"url\":\"https:\\\/\\\/mentorportal.org\\\/tr\\\/las-legasta-silver-sage-vakfi-ile-bulusma\\\/\",\"name\":\"Las Legas'ta Silver Sage Vakf\u0131 ile Bulu\u015fma - Mentor Portal\",\"isPartOf\":{\"@id\":\"https:\\\/\\\/mentorportal.org\\\/tr\\\/#website\"},\"primaryImageOfPage\":{\"@id\":\"https:\\\/\\\/mentorportal.org\\\/tr\\\/las-legasta-silver-sage-vakfi-ile-bulusma\\\/#primaryimage\"},\"image\":{\"@id\":\"https:\\\/\\\/mentorportal.org\\\/tr\\\/las-legasta-silver-sage-vakfi-ile-bulusma\\\/#primaryimage\"},\"thumbnailUrl\":\"https:\\\/\\\/mentorportal.org\\\/wp-content\\\/uploads\\\/2024\\\/03\\\/PHOTO-2024-03-03-14-30-38-2.jpg\",\"datePublished\":\"2024-03-03T04:57:21+00:00\",\"dateModified\":\"2024-03-17T04:58:41+00:00\",\"breadcrumb\":{\"@id\":\"https:\\\/\\\/mentorportal.org\\\/tr\\\/las-legasta-silver-sage-vakfi-ile-bulusma\\\/#breadcrumb\"},\"inLanguage\":\"tr\",\"potentialAction\":[{\"@type\":\"ReadAction\",\"target\":[\"https:\\\/\\\/mentorportal.org\\\/tr\\\/las-legasta-silver-sage-vakfi-ile-bulusma\\\/\"]}]},{\"@type\":\"ImageObject\",\"inLanguage\":\"tr\",\"@id\":\"https:\\\/\\\/mentorportal.org\\\/tr\\\/las-legasta-silver-sage-vakfi-ile-bulusma\\\/#primaryimage\",\"url\":\"https:\\\/\\\/mentorportal.org\\\/wp-content\\\/uploads\\\/2024\\\/03\\\/PHOTO-2024-03-03-14-30-38-2.jpg\",\"contentUrl\":\"https:\\\/\\\/mentorportal.org\\\/wp-content\\\/uploads\\\/2024\\\/03\\\/PHOTO-2024-03-03-14-30-38-2.jpg\",\"width\":1600,\"height\":1200},{\"@type\":\"BreadcrumbList\",\"@id\":\"https:\\\/\\\/mentorportal.org\\\/tr\\\/las-legasta-silver-sage-vakfi-ile-bulusma\\\/#breadcrumb\",\"itemListElement\":[{\"@type\":\"ListItem\",\"position\":1,\"name\":\"Home\",\"item\":\"https:\\\/\\\/mentorportal.org\\\/tr\\\/\"},{\"@type\":\"ListItem\",\"position\":2,\"name\":\"Las Legas&#8217;ta Silver Sage Vakf\u0131 ile Bulu\u015fma\"}]},{\"@type\":\"WebSite\",\"@id\":\"https:\\\/\\\/mentorportal.org\\\/tr\\\/#website\",\"url\":\"https:\\\/\\\/mentorportal.org\\\/tr\\\/\",\"name\":\"Mentor Portal\",\"description\":\"Mentor Portal\",\"potentialAction\":[{\"@type\":\"SearchAction\",\"target\":{\"@type\":\"EntryPoint\",\"urlTemplate\":\"https:\\\/\\\/mentorportal.org\\\/tr\\\/?s={search_term_string}\"},\"query-input\":{\"@type\":\"PropertyValueSpecification\",\"valueRequired\":true,\"valueName\":\"search_term_string\"}}],\"inLanguage\":\"tr\"}]}<\/script>\n<!-- \/ Yoast SEO plugin. -->","yoast_head_json":{"title":"Las Legas'ta Silver Sage Vakf\u0131 ile Bulu\u015fma - Mentor Portal","robots":{"index":"index","follow":"follow","max-snippet":"max-snippet:-1","max-image-preview":"max-image-preview:large","max-video-preview":"max-video-preview:-1"},"canonical":"https:\/\/mentorportal.org\/tr\/las-legasta-silver-sage-vakfi-ile-bulusma\/","og_locale":"tr_TR","og_type":"article","og_title":"Las Legas'ta Silver Sage Vakf\u0131 ile Bulu\u015fma - Mentor Portal","og_url":"https:\/\/mentorportal.org\/tr\/las-legasta-silver-sage-vakfi-ile-bulusma\/","og_site_name":"Mentor Portal","article_modified_time":"2024-03-17T04:58:41+00:00","og_image":[{"width":1600,"height":1200,"url":"https:\/\/mentorportal.org\/wp-content\/uploads\/2024\/03\/PHOTO-2024-03-03-14-30-38-2.jpg","type":"image\/jpeg"}],"twitter_card":"summary_large_image","twitter_misc":{"Tahmini okuma s\u00fcresi":"4 dakika"},"schema":{"@context":"https:\/\/schema.org","@graph":[{"@type":"WebPage","@id":"https:\/\/mentorportal.org\/tr\/las-legasta-silver-sage-vakfi-ile-bulusma\/","url":"https:\/\/mentorportal.org\/tr\/las-legasta-silver-sage-vakfi-ile-bulusma\/","name":"Las Legas'ta Silver Sage Vakf\u0131 ile Bulu\u015fma - Mentor Portal","isPartOf":{"@id":"https:\/\/mentorportal.org\/tr\/#website"},"primaryImageOfPage":{"@id":"https:\/\/mentorportal.org\/tr\/las-legasta-silver-sage-vakfi-ile-bulusma\/#primaryimage"},"image":{"@id":"https:\/\/mentorportal.org\/tr\/las-legasta-silver-sage-vakfi-ile-bulusma\/#primaryimage"},"thumbnailUrl":"https:\/\/mentorportal.org\/wp-content\/uploads\/2024\/03\/PHOTO-2024-03-03-14-30-38-2.jpg","datePublished":"2024-03-03T04:57:21+00:00","dateModified":"2024-03-17T04:58:41+00:00","breadcrumb":{"@id":"https:\/\/mentorportal.org\/tr\/las-legasta-silver-sage-vakfi-ile-bulusma\/#breadcrumb"},"inLanguage":"tr","potentialAction":[{"@type":"ReadAction","target":["https:\/\/mentorportal.org\/tr\/las-legasta-silver-sage-vakfi-ile-bulusma\/"]}]},{"@type":"ImageObject","inLanguage":"tr","@id":"https:\/\/mentorportal.org\/tr\/las-legasta-silver-sage-vakfi-ile-bulusma\/#primaryimage","url":"https:\/\/mentorportal.org\/wp-content\/uploads\/2024\/03\/PHOTO-2024-03-03-14-30-38-2.jpg","contentUrl":"https:\/\/mentorportal.org\/wp-content\/uploads\/2024\/03\/PHOTO-2024-03-03-14-30-38-2.jpg","width":1600,"height":1200},{"@type":"BreadcrumbList","@id":"https:\/\/mentorportal.org\/tr\/las-legasta-silver-sage-vakfi-ile-bulusma\/#breadcrumb","itemListElement":[{"@type":"ListItem","position":1,"name":"Home","item":"https:\/\/mentorportal.org\/tr\/"},{"@type":"ListItem","position":2,"name":"Las Legas&#8217;ta Silver Sage Vakf\u0131 ile Bulu\u015fma"}]},{"@type":"WebSite","@id":"https:\/\/mentorportal.org\/tr\/#website","url":"https:\/\/mentorportal.org\/tr\/","name":"Mentor Portal","description":"Mentor Portal","potentialAction":[{"@type":"SearchAction","target":{"@type":"EntryPoint","urlTemplate":"https:\/\/mentorportal.org\/tr\/?s={search_term_string}"},"query-input":{"@type":"PropertyValueSpecification","valueRequired":true,"valueName":"search_term_string"}}],"inLanguage":"tr"}]}},"_links":{"self":[{"href":"https:\/\/mentorportal.org\/tr\/wp-json\/wp\/v2\/pages\/4060","targetHints":{"allow":["GET"]}}],"collection":[{"href":"https:\/\/mentorportal.org\/tr\/wp-json\/wp\/v2\/pages"}],"about":[{"href":"https:\/\/mentorportal.org\/tr\/wp-json\/wp\/v2\/types\/page"}],"author":[{"embeddable":true,"href":"https:\/\/mentorportal.org\/tr\/wp-json\/wp\/v2\/users\/7"}],"replies":[{"embeddable":true,"href":"https:\/\/mentorportal.org\/tr\/wp-json\/wp\/v2\/comments?post=4060"}],"version-history":[{"count":4,"href":"https:\/\/mentorportal.org\/tr\/wp-json\/wp\/v2\/pages\/4060\/revisions"}],"predecessor-version":[{"id":4064,"href":"https:\/\/mentorportal.org\/tr\/wp-json\/wp\/v2\/pages\/4060\/revisions\/4064"}],"wp:featuredmedia":[{"embeddable":true,"href":"https:\/\/mentorportal.org\/tr\/wp-json\/wp\/v2\/media\/4049"}],"wp:attachment":[{"href":"https:\/\/mentorportal.org\/tr\/wp-json\/wp\/v2\/media?parent=4060"}],"curies":[{"name":"wp","href":"https:\/\/api.w.org\/{rel}","templated":true}]}}